{"id":21333,"date":"2023-03-23T04:52:36","date_gmt":"2023-03-23T04:52:36","guid":{"rendered":"https:\/\/abigailsolis.com\/en\/propiedades\/condominios-en-venta-en-puerto-morelos\/"},"modified":"2023-03-23T18:08:33","modified_gmt":"2023-03-23T18:08:33","slug":"condominios-en-venta-puerto-morelos","status":"publish","type":"page","link":"https:\/\/abigailsolis.com\/en\/condominios-en-venta-puerto-morelos\/","title":{"rendered":"Condominios en Venta en Puerto Morelos"},"content":{"rendered":"\t\t<div data-elementor-type=\"wp-page\" data-elementor-id=\"21333\" class=\"elementor elementor-21333\">\n\t\t\t\t\t\t<section class=\"elementor-section elementor-top-section elementor-element elementor-element-114287c1 elementor-section-boxed elementor-section-height-default elementor-section-height-default\" data-id=\"114287c1\" data-element_type=\"section\">\n\t\t\t\t\t\t<div class=\"elementor-container elementor-column-gap-default\">\n\t\t\t\t\t<div class=\"elementor-column elementor-col-100 elementor-top-column elementor-element elementor-element-782a6d1c\" data-id=\"782a6d1c\" data-element_type=\"column\">\n\t\t\t<div class=\"elementor-widget-wrap elementor-element-populated\">\n\t\t\t\t\t\t<div class=\"elementor-element elementor-element-389fec2 elementor-widget elementor-widget-Wpresidence_Filter_List_Properties\" data-id=\"389fec2\" data-element_type=\"widget\" data-widget_type=\"Wpresidence_Filter_List_Properties.default\">\n\t\t\t\t<div class=\"elementor-widget-container\">\n\t\t\t        <div class=\"listing_filters_head\">\n        <input type=\"hidden\" id=\"page_idx\" value=\"21333\">\n\n\n                <div class=\"dropdown listing_filter_select filter_action_category\" >\n                  <div data-toggle=\"dropdown\" id=\"a_filter_action\" class=\"filter_menu_trigger\" data-value=\"venta\"> Venta <span class=\"caret caret_filter\"><\/span> <\/div>\n                  <ul  class=\"dropdown-menu filter_menu\" role=\"menu\" aria-labelledby=\"a_filter_action\">\n                      <li role=\"presentation\" data-value=\"all\">Types<\/li><li role=\"presentation\" data-value=\"sale\">Sale<\/li>                  <\/ul>\n                <\/div>\n\n                <div class=\"dropdown listing_filter_select filter_category\" >\n                  <div data-toggle=\"dropdown\" id=\"a_filter_categ\" class=\"filter_menu_trigger\" data-value=\"departamentos\"> Departamentos <span class=\"caret caret_filter\"><\/span> <\/div>\n                  <ul  class=\"dropdown-menu filter_menu\" role=\"menu\" aria-labelledby=\"a_filter_categ\">\n                      <li role=\"presentation\" data-value=\"all\">Categories<\/li><li role=\"presentation\" data-value=\"apartments\">Apartments<\/li><li role=\"presentation\" data-value=\"condominiums\"   > - Condominiums<\/li><li role=\"presentation\" data-value=\"houses\">Houses<\/li>                  <\/ul>\n                <\/div>\n\n\n                <div class=\"dropdown listing_filter_select filter_county\" >\n                  <div data-toggle=\"dropdown\" id=\"a_filter_county\" class=\"filter_menu_trigger\" data-value=\"quintana-roo\"> Quintana Roo <span class=\"caret caret_filter\"><\/span> <\/div>\n                  <ul id=\"filter_county\" class=\"dropdown-menu filter_menu\" role=\"menu\" aria-labelledby=\"a_filter_county\">\n                      <li role=\"presentation\" data-value=\"all\" data-value2=\"all\">States<\/li><li role=\"presentation\" data-value=\"quintana-roo\" data-value2=\"quintana-roo\">Quintana Roo<\/li>                  <\/ul>\n                <\/div>\n\n\n                <div class=\"dropdown listing_filter_select filter_city\" >\n                  <div data-toggle=\"dropdown\" id=\"a_filter_cities\" class=\"filter_menu_trigger\" data-value=\"\">  <span class=\"caret caret_filter\"><\/span> <\/div>\n                  <ul id=\"filter_city\" class=\"dropdown-menu filter_menu\" role=\"menu\" aria-labelledby=\"a_filter_cities\">\n                      <li role=\"presentation\" data-value=\"all\" data-value2=\"all\">Cities<\/li><li role=\"presentation\" data-value=\"cancun\" data-value2=\"cancun\" data-parentcounty=\"quintana-roo\">Cancun<\/li><li role=\"presentation\" data-value=\"puerto-morelos\" data-value2=\"puerto-morelos\" data-parentcounty=\"quintana-roo\">Puerto Morelos<\/li>                  <\/ul>\n                <\/div>\n\n\n                <div class=\"dropdown listing_filter_select filter_area\" >\n                  <div data-toggle=\"dropdown\" id=\"a_filter_areas\" class=\"filter_menu_trigger\" data-value=\"Areas\">Areas<span class=\"caret caret_filter\"><\/span> <\/div>\n                  <ul id=\"filter_area\" class=\"dropdown-menu filter_menu\" role=\"menu\" aria-labelledby=\"a_filter_areas\">\n                      <li role=\"presentation\" data-value=\"all\">Areas<\/li><li role=\"presentation\" data-value=\"center-en\" data-parentcity=\"\">Center<\/li><li role=\"presentation\" data-value=\"huayacan-en\" data-parentcity=\"\">Huayacan<\/li><li role=\"presentation\" data-value=\"arbolada-residential\"   data-parentcity=\"\"  > - Arbolada Residential<\/li><li role=\"presentation\" data-value=\"port-area\" data-parentcity=\"\">Port Area<\/li><li role=\"presentation\" data-value=\"port-zone\" data-parentcity=\"\">Port Zone<\/li><li role=\"presentation\" data-value=\"sm-13-en\" data-parentcity=\"\">SM 13<\/li><li role=\"presentation\" data-value=\"zona-del-puerto\" data-parentcity=\"\">Zona Del Puerto<\/li>                  <\/ul>\n                <\/div>\n\n\n\n        <div class=\"dropdown listing_filter_select order_filter \">\n            <div data-toggle=\"dropdown\" id=\"a_filter_order\" class=\"filter_menu_trigger\" data-value=\"11\"> Newest Edited <span class=\"caret caret_filter\"><\/span> <\/div>\n             <ul id=\"filter_order\" class=\"dropdown-menu filter_menu\" role=\"menu\" aria-labelledby=\"a_filter_order\">\n                 <li role=\"presentation\" data-value=\"1\">Price High to Low<\/li><li role=\"presentation\" data-value=\"2\">Price Low to High<\/li><li role=\"presentation\" data-value=\"3\">Newest first<\/li><li role=\"presentation\" data-value=\"4\">Oldest first<\/li><li role=\"presentation\" data-value=\"11\">Newest Edited<\/li><li role=\"presentation\" data-value=\"12\">Oldest Edited <\/li><li role=\"presentation\" data-value=\"5\">Bedrooms High to Low<\/li><li role=\"presentation\" data-value=\"6\">Bedrooms Low to high<\/li><li role=\"presentation\" data-value=\"7\">Bathrooms High to Low<\/li><li role=\"presentation\" data-value=\"8\">Bathrooms Low to high<\/li><li role=\"presentation\" data-value=\"0\">Default<\/li>             <\/ul>\n        <\/div>\n\n\n        \n        <div class=\"listing_filter_select listing_filter_views grid_filter_wiew\">\n            <div id=\"grid_view\" class=\"icon_selected\">\n                <i class=\"fas fa-th\"><\/i>\n            <\/div>\n        <\/div>\n\n        <div class=\"listing_filter_select listing_filter_views list_filter_wiew\">\n             <div id=\"list_view\" class=\"\">\n                <i class=\"fas fa-bars\"><\/i>\n             <\/div>\n        <\/div>\n          <div data-toggle=\"dropdown\" id=\"a_filter_county\" class=\"\" data-value=\"quintana-roo\"><\/div>\n    <\/div>\n    <div class=\"wpestate_filter_list_properties_wrapper\" data-ishortcode=\"1\" data-number=\"9\"  data-rownumber=\"3\" data-card_version=\"\" data-align=\"horizontal\">\n        <div class=\"spinner\" id=\"listing_loader2\">\n            <div class=\"new_prelader\"><\/div>\n        <\/div>\n    <\/div>\t\t<\/div>\n\t\t\t\t<\/div>\n\t\t\t\t<div class=\"elementor-element elementor-element-18d43047 elementor-widget elementor-widget-text-editor\" data-id=\"18d43047\" data-element_type=\"widget\" data-widget_type=\"text-editor.default\">\n\t\t\t\t<div class=\"elementor-widget-container\">\n\t\t\t\t\t\t\t<hr \/>\n<p>\u00a0<\/p>\t\t\t\t\t\t<\/div>\n\t\t\t\t<\/div>\n\t\t\t\t\t<\/div>\n\t\t<\/div>\n\t\t\t\t\t<\/div>\n\t\t<\/section>\n\t\t\t\t<section class=\"elementor-section elementor-top-section elementor-element elementor-element-e8d7b2d elementor-section-boxed elementor-section-height-default elementor-section-height-default\" data-id=\"e8d7b2d\" data-element_type=\"section\">\n\t\t\t\t\t\t<div class=\"elementor-container elementor-column-gap-default\">\n\t\t\t\t\t<div class=\"elementor-column elementor-col-100 elementor-top-column elementor-element elementor-element-60fbb7b\" data-id=\"60fbb7b\" data-element_type=\"column\">\n\t\t\t<div class=\"elementor-widget-wrap elementor-element-populated\">\n\t\t\t\t\t\t<div class=\"elementor-element elementor-element-721d65e elementor-widget elementor-widget-text-editor\" data-id=\"721d65e\" data-element_type=\"widget\" data-widget_type=\"text-editor.default\">\n\t\t\t\t<div class=\"elementor-widget-container\">\n\t\t\t\t\t\t\t<section>\n<h2>Por qu\u00e9 Puerto Morelos es el lugar perfecto para comprar un condominio<\/h2>\n<p><a href=\"https:\/\/abigailsolis.com\/ciudad\/puerto-morelos\/\" title=\"Propiedades en Puerto Morelos\">Puerto Morelos<\/a> es una ciudad pac\u00edfica con una comunidad vibrante que ofrece un ambiente seguro para residentes y visitantes por igual. Su ubicaci\u00f3n entre <a href=\"https:\/\/abigailsolis.com\/ciudad\/cancun\/\" title=\"Propiedades en Canc\u00fan\">Canc\u00fan<\/a> y <a href=\"https:\/\/abigailsolis.com\/ciudad\/playa-del-carmen\/\" title=\"Propiedades en Playa del Carmen\">Playa del Carmen<\/a> facilita el acceso a los <a href=\"https:\/\/abigailsolis.com\/caracteristicas\/servicios\/\" title=\"Propiedades inmobiliarias con servicios\">servicios<\/a> de ambas ciudades, como restaurantes, centros comerciales y opciones de ocio. Sin embargo, a diferencia de estas bulliciosas ciudades, Puerto Morelos, sigue siendo una joya oculta con un ritmo de vida m\u00e1s lento, que le permite relajarse y disfrutar de la belleza de su entorno.<\/p>\n<\/section>\n<section>\n<h2>Oportunidades de inversi\u00f3n<\/h2>\n<p>Invertir en la compra de un condominio en <a href=\"https:\/\/abigailsolis.com\/ciudad\/puerto-morelos\/\" title=\"Propiedades en Puerto Morelos\">Puerto Morelos<\/a> es una decisi\u00f3n financiera inteligente y una oportunidad para vivir la vida de sus sue\u00f1os. A medida que el turismo sigue en auge en la zona, la demanda inmobiliaria sigue aumentando, lo que significa que ahora es el momento perfecto para comprar. El valor de las propiedades no hace m\u00e1s que subir, y puede esperar obtener un rendimiento significativo de su inversi\u00f3n.<\/p>\n<\/section>\n<section>\n<h2>Precios de Condominios en Puerto Morelos<\/h2>\n<p>Los <a href=\"https:\/\/abigailsolis.com\/categorias\/condominios\/\" title=\"Condominios en Riviera Maya\">condominios<\/a> en <a href=\"https:\/\/abigailsolis.com\/ciudad\/puerto-morelos\/\" title=\"Propiedades en Puerto Morelos\">Puerto Morelos<\/a> var\u00edan en precio dependiendo de la ubicaci\u00f3n, tama\u00f1o y <a href=\"https:\/\/abigailsolis.com\/caracteristicas\/amenidades\/\" title=\"Amenidades\">amenidades<\/a>. En promedio, un condominio en <a href=\"https:\/\/abigailsolis.com\/ciudad\/puerto-morelos\/\" title=\"Propiedades en Puerto Morelos\">Puerto Morelos<\/a> cuesta alrededor de $250,000 USD, pero los precios pueden subir hasta $1 mill\u00f3n USD o m\u00e1s en destinos tur\u00edsticos populares como <a href=\"https:\/\/abigailsolis.com\/ciudad\/playa-del-carmen\/\" title=\"Propiedades en Playa del Carmen\">Playa de Carmen<\/a> y <a href=\"https:\/\/abigailsolis.com\/ciudad\/tulum\/\" title=\"Propiedades en Tulum\">Tulum<\/a>.<\/p>\n<\/section>\n<section>\n<h2>Factores que afectan el precio de los condominios en Puerto Morelos<\/h2>\n<p>Varios factores pueden afectar los precios de los condominios en <a href=\"https:\/\/abigailsolis.com\/ciudad\/puerto-morelos\/\" title=\"Propiedades en Puerto Morelos\">Puerto Morelos<\/a>, y entenderlos puede ayudarle a tomar una decisi\u00f3n informada al comprar un condominio. La ubicaci\u00f3n de un condominio es un factor cr\u00edtico que afecta a su precio. Los <a href=\"https:\/\/abigailsolis.com\/categorias\/condominios\/\" title=\"Condominios en Riviera Maya\">condominios<\/a> situados en destinos tur\u00edsticos populares como <a href=\"https:\/\/abigailsolis.com\/ciudad\/playa-del-carmen\/\" title=\"Propiedades en Playa del Carmen\">Playa de Carmen<\/a> y <a href=\"https:\/\/abigailsolis.com\/ciudad\/tulum\/\" title=\"Propiedades en Tulum\">Tulum<\/a> tienden a ser m\u00e1s caros que los situados en zonas menos populares. El tama\u00f1o de un condominio es otro factor cr\u00edtico que afecta a su precio. Los condominios m\u00e1s grandes suelen ser m\u00e1s caros que los m\u00e1s peque\u00f1os. Los <a href=\"https:\/\/abigailsolis.com\/categorias\/condominios\/\" title=\"Condominios en Riviera Maya\">condominios<\/a>\/apartamentos con m\u00e1s servicios, como piscina, gimnasio o vistas al mar, tambi\u00e9n son m\u00e1s caros que los que no los tienen.<\/p>\n<p>Por \u00faltimo, el estado de un condominio tambi\u00e9n es un factor importante a tener en cuenta. Los condominios m\u00e1s nuevos o recientemente renovados suelen ser m\u00e1s caros que los m\u00e1s antiguos.<\/p>\n<\/section>\n<section>\n<h2>Tips para encontrar el condominio perfecto en Puerto Morelos<\/h2>\n<p>Encontrar el condominio perfecto en <a href=\"https:\/\/abigailsolis.com\/ciudad\/puerto-morelos\/\" title=\"Propiedades en Puerto Morelos\">Puerto Morelos<\/a> puede ser una tarea laboriosa, pero aqu\u00ed te damos algunos consejos para ayudarte a encontrar la propiedad perfecta para ti:<\/p>\n<ul>\n<li style=\"list-style-type: none;\">\n<ul>\n<li>Investigue:<br \/>T\u00f3mate tu tiempo para investigar las diferentes zonas de Puerto Morelos y el mercado inmobiliario local. Esto le ayudar\u00e1 a entender lo que puede esperar pagar por un apartamento en diferentes zonas y qu\u00e9 servicios est\u00e1n disponibles.<\/li>\n<\/ul>\n<\/li>\n<\/ul>\n<ul>\n<li style=\"list-style-type: none;\">\n<ul>\n<li>Asista a las jornadas de puertas abiertas:<br \/>Asistir a visitas a propiedades organizadas por agentes inmobiliarios en jornadas de puertas abiertas puede darle una mejor idea de lo que hay disponible dentro de su presupuesto y de lo que busca en un condominio.<\/li>\n<\/ul>\n<\/li>\n<\/ul>\n<ul>\n<li style=\"list-style-type: none;\">\n<ul>\n<li>Considere los nuevos desarrollos inmobiliarios:<br \/>Si est\u00e1 dispuesto a esperar, puede encontrar una buena oferta en un condominio de nueva construcci\u00f3n. Estas propiedades suelen tener m\u00e1s comodidades y pueden ser m\u00e1s asequibles que las existentes.<\/li>\n<\/ul>\n<\/li>\n<\/ul>\n<\/section>\n<section>\n<p>Puerto Morelos es un pueblo hermoso y tranquilo que ofrece una gran oportunidad de inversi\u00f3n inmobiliaria. La compra de un condominio en <a href=\"https:\/\/abigailsolis.com\/ciudad\/puerto-morelos\/\" title=\"Propiedades en Puerto Morelos\">Puerto Morelos<\/a> puede proporcionar un retorno significativo de la inversi\u00f3n, y como el turismo sigue en auge, los valores de propiedad s\u00f3lo van hacia arriba. Al entender los factores que afectan los precios de los condominios en Puerto Morelos y seguir los consejos proporcionados en esta gu\u00eda, podr\u00e1s encontrar la oferta adecuada.<\/p>\n<\/section>\t\t\t\t\t\t<\/div>\n\t\t\t\t<\/div>\n\t\t\t\t\t<\/div>\n\t\t<\/div>\n\t\t\t\t\t<\/div>\n\t\t<\/section>\n\t\t\t\t<\/div>\n\t\t","protected":false},"excerpt":{"rendered":"<p>Venta Tipo de propiedad Venta Departamentos Categor\u00eda de propiedad Casas Comercios Condominios Departamentos &#8211; Condominios &#8211; Estudios Duplex Industrial Oficinas Terrenos Villas Quintana Roo Estados Quintana Roo Yucat\u00e1n Puerto Morelos Ciudades Canc\u00fan Costa Mujeres Playa Del Carmen Puerto Morelos Tulum \u00c1reas \u00c1reas Aldea Zam\u00e1 Center Centro Huayac\u00e1n &#8211; Residencial Arbolada Puerto Canc\u00fan Punta Sam SM 13 Zona Del Puerto \u00daltimas actualizadas Precio Alto a &#8230;<\/p>\n","protected":false},"author":1,"featured_media":0,"parent":0,"menu_order":0,"comment_status":"closed","ping_status":"closed","template":"","meta":{"footnotes":""},"class_list":["post-21333","page","type-page","status-publish","hentry"],"yoast_head":"<!-- This site is optimized with the Yoast SEO plugin v23.5 - https:\/\/yoast.com\/wordpress\/plugins\/seo\/ -->\n<title>Condominios en Venta en Puerto Morelos - Abigail Sol\u00eds<\/title>\n<meta name=\"robots\" content=\"index, follow, max-snippet:-1, max-image-preview:large, max-video-preview:-1\" \/>\n<link rel=\"canonical\" href=\"https:\/\/abigailsolis.com\/en\/condominios-en-venta-puerto-morelos\/\" \/>\n<meta property=\"og:locale\" content=\"en_US\" \/>\n<meta property=\"og:type\" content=\"article\" \/>\n<meta property=\"og:title\" content=\"Condominios en Venta en Puerto Morelos - Abigail Sol\u00eds\" \/>\n<meta property=\"og:description\" content=\"Venta Tipo de propiedad Venta Departamentos Categor\u00eda de propiedad Casas Comercios Condominios Departamentos &#8211; Condominios &#8211; Estudios Duplex Industrial Oficinas Terrenos Villas Quintana Roo Estados Quintana Roo Yucat\u00e1n Puerto Morelos Ciudades Canc\u00fan Costa Mujeres Playa Del Carmen Puerto Morelos Tulum \u00c1reas \u00c1reas Aldea Zam\u00e1 Center Centro Huayac\u00e1n &#8211; Residencial Arbolada Puerto Canc\u00fan Punta Sam SM 13 Zona Del Puerto \u00daltimas actualizadas Precio Alto a ...\" \/>\n<meta property=\"og:url\" content=\"https:\/\/abigailsolis.com\/en\/condominios-en-venta-puerto-morelos\/\" \/>\n<meta property=\"og:site_name\" content=\"Abigail Sol\u00eds\" \/>\n<meta property=\"article:modified_time\" content=\"2023-03-23T18:08:33+00:00\" \/>\n<meta property=\"og:image\" content=\"https:\/\/abigailsolis.com\/en\/wp-content\/uploads\/2021\/10\/9-525x328.jpg\" \/>\n<meta name=\"twitter:card\" content=\"summary_large_image\" \/>\n<meta name=\"twitter:label1\" content=\"Est. reading time\" \/>\n\t<meta name=\"twitter:data1\" content=\"4 minutes\" \/>\n<script type=\"application\/ld+json\" class=\"yoast-schema-graph\">{\"@context\":\"https:\/\/schema.org\",\"@graph\":[{\"@type\":\"WebPage\",\"@id\":\"https:\/\/abigailsolis.com\/en\/condominios-en-venta-puerto-morelos\/\",\"url\":\"https:\/\/abigailsolis.com\/en\/condominios-en-venta-puerto-morelos\/\",\"name\":\"Condominios en Venta en Puerto Morelos - Abigail Sol\u00eds\",\"isPartOf\":{\"@id\":\"https:\/\/abigailsolis.com\/en\/#website\"},\"primaryImageOfPage\":{\"@id\":\"https:\/\/abigailsolis.com\/en\/condominios-en-venta-puerto-morelos\/#primaryimage\"},\"image\":{\"@id\":\"https:\/\/abigailsolis.com\/en\/condominios-en-venta-puerto-morelos\/#primaryimage\"},\"thumbnailUrl\":\"https:\/\/abigailsolis.com\/en\/wp-content\/uploads\/2021\/10\/9-525x328.jpg\",\"datePublished\":\"2023-03-23T04:52:36+00:00\",\"dateModified\":\"2023-03-23T18:08:33+00:00\",\"breadcrumb\":{\"@id\":\"https:\/\/abigailsolis.com\/en\/condominios-en-venta-puerto-morelos\/#breadcrumb\"},\"inLanguage\":\"en-US\",\"potentialAction\":[{\"@type\":\"ReadAction\",\"target\":[\"https:\/\/abigailsolis.com\/en\/condominios-en-venta-puerto-morelos\/\"]}]},{\"@type\":\"ImageObject\",\"inLanguage\":\"en-US\",\"@id\":\"https:\/\/abigailsolis.com\/en\/condominios-en-venta-puerto-morelos\/#primaryimage\",\"url\":\"https:\/\/abigailsolis.com\/en\/wp-content\/uploads\/2021\/10\/9-525x328.jpg\",\"contentUrl\":\"https:\/\/abigailsolis.com\/en\/wp-content\/uploads\/2021\/10\/9-525x328.jpg\"},{\"@type\":\"BreadcrumbList\",\"@id\":\"https:\/\/abigailsolis.com\/en\/condominios-en-venta-puerto-morelos\/#breadcrumb\",\"itemListElement\":[{\"@type\":\"ListItem\",\"position\":1,\"name\":\"Home\",\"item\":\"https:\/\/abigailsolis.com\/en\/\"},{\"@type\":\"ListItem\",\"position\":2,\"name\":\"Condominios en Venta en Puerto Morelos\"}]},{\"@type\":\"WebSite\",\"@id\":\"https:\/\/abigailsolis.com\/en\/#website\",\"url\":\"https:\/\/abigailsolis.com\/en\/\",\"name\":\"Abigail Sol\u00eds\",\"description\":\"Invierte en el Caribe Mexicano con tranquilidad junto a Abigail Sol\u00eds. Arquitecta y asesora inmobiliaria especializada en el mercado de bienes ra\u00edces.\",\"publisher\":{\"@id\":\"https:\/\/abigailsolis.com\/en\/#organization\"},\"potentialAction\":[{\"@type\":\"SearchAction\",\"target\":{\"@type\":\"EntryPoint\",\"urlTemplate\":\"https:\/\/abigailsolis.com\/en\/?s={search_term_string}\"},\"query-input\":{\"@type\":\"PropertyValueSpecification\",\"valueRequired\":true,\"valueName\":\"search_term_string\"}}],\"inLanguage\":\"en-US\"},{\"@type\":\"Organization\",\"@id\":\"https:\/\/abigailsolis.com\/en\/#organization\",\"name\":\"Abigail Sol\u00eds\",\"url\":\"https:\/\/abigailsolis.com\/en\/\",\"logo\":{\"@type\":\"ImageObject\",\"inLanguage\":\"en-US\",\"@id\":\"https:\/\/abigailsolis.com\/en\/#\/schema\/logo\/image\/\",\"url\":\"https:\/\/abigailsolis.com\/en\/wp-content\/uploads\/2023\/02\/abigail-solis.svg\",\"contentUrl\":\"https:\/\/abigailsolis.com\/en\/wp-content\/uploads\/2023\/02\/abigail-solis.svg\",\"width\":1768,\"height\":289,\"caption\":\"Abigail Sol\u00eds\"},\"image\":{\"@id\":\"https:\/\/abigailsolis.com\/en\/#\/schema\/logo\/image\/\"}}]}<\/script>\n<!-- \/ Yoast SEO plugin. -->","yoast_head_json":{"title":"Condominios en Venta en Puerto Morelos - Abigail Sol\u00eds","robots":{"index":"index","follow":"follow","max-snippet":"max-snippet:-1","max-image-preview":"max-image-preview:large","max-video-preview":"max-video-preview:-1"},"canonical":"https:\/\/abigailsolis.com\/en\/condominios-en-venta-puerto-morelos\/","og_locale":"en_US","og_type":"article","og_title":"Condominios en Venta en Puerto Morelos - Abigail Sol\u00eds","og_description":"Venta Tipo de propiedad Venta Departamentos Categor\u00eda de propiedad Casas Comercios Condominios Departamentos &#8211; Condominios &#8211; Estudios Duplex Industrial Oficinas Terrenos Villas Quintana Roo Estados Quintana Roo Yucat\u00e1n Puerto Morelos Ciudades Canc\u00fan Costa Mujeres Playa Del Carmen Puerto Morelos Tulum \u00c1reas \u00c1reas Aldea Zam\u00e1 Center Centro Huayac\u00e1n &#8211; Residencial Arbolada Puerto Canc\u00fan Punta Sam SM 13 Zona Del Puerto \u00daltimas actualizadas Precio Alto a ...","og_url":"https:\/\/abigailsolis.com\/en\/condominios-en-venta-puerto-morelos\/","og_site_name":"Abigail Sol\u00eds","article_modified_time":"2023-03-23T18:08:33+00:00","og_image":[{"url":"https:\/\/abigailsolis.com\/en\/wp-content\/uploads\/2021\/10\/9-525x328.jpg"}],"twitter_card":"summary_large_image","twitter_misc":{"Est. reading time":"4 minutes"},"schema":{"@context":"https:\/\/schema.org","@graph":[{"@type":"WebPage","@id":"https:\/\/abigailsolis.com\/en\/condominios-en-venta-puerto-morelos\/","url":"https:\/\/abigailsolis.com\/en\/condominios-en-venta-puerto-morelos\/","name":"Condominios en Venta en Puerto Morelos - Abigail Sol\u00eds","isPartOf":{"@id":"https:\/\/abigailsolis.com\/en\/#website"},"primaryImageOfPage":{"@id":"https:\/\/abigailsolis.com\/en\/condominios-en-venta-puerto-morelos\/#primaryimage"},"image":{"@id":"https:\/\/abigailsolis.com\/en\/condominios-en-venta-puerto-morelos\/#primaryimage"},"thumbnailUrl":"https:\/\/abigailsolis.com\/en\/wp-content\/uploads\/2021\/10\/9-525x328.jpg","datePublished":"2023-03-23T04:52:36+00:00","dateModified":"2023-03-23T18:08:33+00:00","breadcrumb":{"@id":"https:\/\/abigailsolis.com\/en\/condominios-en-venta-puerto-morelos\/#breadcrumb"},"inLanguage":"en-US","potentialAction":[{"@type":"ReadAction","target":["https:\/\/abigailsolis.com\/en\/condominios-en-venta-puerto-morelos\/"]}]},{"@type":"ImageObject","inLanguage":"en-US","@id":"https:\/\/abigailsolis.com\/en\/condominios-en-venta-puerto-morelos\/#primaryimage","url":"https:\/\/abigailsolis.com\/en\/wp-content\/uploads\/2021\/10\/9-525x328.jpg","contentUrl":"https:\/\/abigailsolis.com\/en\/wp-content\/uploads\/2021\/10\/9-525x328.jpg"},{"@type":"BreadcrumbList","@id":"https:\/\/abigailsolis.com\/en\/condominios-en-venta-puerto-morelos\/#breadcrumb","itemListElement":[{"@type":"ListItem","position":1,"name":"Home","item":"https:\/\/abigailsolis.com\/en\/"},{"@type":"ListItem","position":2,"name":"Condominios en Venta en Puerto Morelos"}]},{"@type":"WebSite","@id":"https:\/\/abigailsolis.com\/en\/#website","url":"https:\/\/abigailsolis.com\/en\/","name":"Abigail Sol\u00eds","description":"Invierte en el Caribe Mexicano con tranquilidad junto a Abigail Sol\u00eds. Arquitecta y asesora inmobiliaria especializada en el mercado de bienes ra\u00edces.","publisher":{"@id":"https:\/\/abigailsolis.com\/en\/#organization"},"potentialAction":[{"@type":"SearchAction","target":{"@type":"EntryPoint","urlTemplate":"https:\/\/abigailsolis.com\/en\/?s={search_term_string}"},"query-input":{"@type":"PropertyValueSpecification","valueRequired":true,"valueName":"search_term_string"}}],"inLanguage":"en-US"},{"@type":"Organization","@id":"https:\/\/abigailsolis.com\/en\/#organization","name":"Abigail Sol\u00eds","url":"https:\/\/abigailsolis.com\/en\/","logo":{"@type":"ImageObject","inLanguage":"en-US","@id":"https:\/\/abigailsolis.com\/en\/#\/schema\/logo\/image\/","url":"https:\/\/abigailsolis.com\/en\/wp-content\/uploads\/2023\/02\/abigail-solis.svg","contentUrl":"https:\/\/abigailsolis.com\/en\/wp-content\/uploads\/2023\/02\/abigail-solis.svg","width":1768,"height":289,"caption":"Abigail Sol\u00eds"},"image":{"@id":"https:\/\/abigailsolis.com\/en\/#\/schema\/logo\/image\/"}}]}},"_links":{"self":[{"href":"https:\/\/abigailsolis.com\/en\/wp-json\/wp\/v2\/pages\/21333","targetHints":{"allow":["GET"]}}],"collection":[{"href":"https:\/\/abigailsolis.com\/en\/wp-json\/wp\/v2\/pages"}],"about":[{"href":"https:\/\/abigailsolis.com\/en\/wp-json\/wp\/v2\/types\/page"}],"author":[{"embeddable":true,"href":"https:\/\/abigailsolis.com\/en\/wp-json\/wp\/v2\/users\/1"}],"replies":[{"embeddable":true,"href":"https:\/\/abigailsolis.com\/en\/wp-json\/wp\/v2\/comments?post=21333"}],"version-history":[{"count":13,"href":"https:\/\/abigailsolis.com\/en\/wp-json\/wp\/v2\/pages\/21333\/revisions"}],"predecessor-version":[{"id":21373,"href":"https:\/\/abigailsolis.com\/en\/wp-json\/wp\/v2\/pages\/21333\/revisions\/21373"}],"wp:attachment":[{"href":"https:\/\/abigailsolis.com\/en\/wp-json\/wp\/v2\/media?parent=21333"}],"curies":[{"name":"wp","href":"https:\/\/api.w.org\/{rel}","templated":true}]}}