{"id":21133,"date":"2015-02-19T09:48:19","date_gmt":"2015-02-19T09:48:19","guid":{"rendered":"https:\/\/abigailsolis.com\/en\/contact-us\/"},"modified":"2015-02-19T09:48:19","modified_gmt":"2015-02-19T09:48:19","slug":"contact-us","status":"publish","type":"page","link":"https:\/\/abigailsolis.com\/en\/contact-us\/","title":{"rendered":"Contact Us"},"content":{"rendered":"<p>Whether you&#8217;re looking for property for sale in New York area or property for rent, WP Residence makes searching easy. Use our unique geolocation mapping feature to root-out your ideal villa, townhouse or apartment and contact the owners direct. We will help you find your dream house in just a few seconds.<\/p>\n<p>We offer our clients a wealth of knowledge regarding all aspects of purchasing or selling a home. Whether it is helping you search for your dream home, discussing new New York real estate developments, or assisting with the sale of your property, we would love the opportunity to help. Please feel free to contact us with any questions!<\/p>\n","protected":false},"excerpt":{"rendered":"<p>Whether you&#8217;re looking for property for sale in New York area or property for rent, WP Residence makes searching easy. Use our unique geolocation mapping feature to root-out your ideal villa, townhouse or apartment and contact the owners direct. We will help you find your dream house in just a few seconds. We offer our clients a wealth of knowledge regarding all aspects of &#8230;<\/p>\n","protected":false},"author":1,"featured_media":0,"parent":0,"menu_order":0,"comment_status":"open","ping_status":"open","template":"contact_page.php","meta":{"footnotes":""},"class_list":["post-21133","page","type-page","status-publish","hentry"],"yoast_head":"<!-- This site is optimized with the Yoast SEO plugin v23.5 - https:\/\/yoast.com\/wordpress\/plugins\/seo\/ -->\n<title>Contact Us - Abigail Sol\u00eds<\/title>\n<meta name=\"robots\" content=\"index, follow, max-snippet:-1, max-image-preview:large, max-video-preview:-1\" \/>\n<link rel=\"canonical\" href=\"https:\/\/abigailsolis.com\/en\/contact-us\/\" \/>\n<meta property=\"og:locale\" content=\"en_US\" \/>\n<meta property=\"og:type\" content=\"article\" \/>\n<meta property=\"og:title\" content=\"Contact Us - Abigail Sol\u00eds\" \/>\n<meta property=\"og:description\" content=\"Whether you&#8217;re looking for property for sale in New York area or property for rent, WP Residence makes searching easy. Use our unique geolocation mapping feature to root-out your ideal villa, townhouse or apartment and contact the owners direct. We will help you find your dream house in just a few seconds. We offer our clients a wealth of knowledge regarding all aspects of ...\" \/>\n<meta property=\"og:url\" content=\"https:\/\/abigailsolis.com\/en\/contact-us\/\" \/>\n<meta property=\"og:site_name\" content=\"Abigail Sol\u00eds\" \/>\n<meta name=\"twitter:card\" content=\"summary_large_image\" \/>\n<meta name=\"twitter:label1\" content=\"Est. reading time\" \/>\n\t<meta name=\"twitter:data1\" content=\"1 minute\" \/>\n<script type=\"application\/ld+json\" class=\"yoast-schema-graph\">{\"@context\":\"https:\/\/schema.org\",\"@graph\":[{\"@type\":\"WebPage\",\"@id\":\"https:\/\/abigailsolis.com\/en\/contact-us\/\",\"url\":\"https:\/\/abigailsolis.com\/en\/contact-us\/\",\"name\":\"Contact Us - Abigail Sol\u00eds\",\"isPartOf\":{\"@id\":\"https:\/\/abigailsolis.com\/en\/#website\"},\"datePublished\":\"2015-02-19T09:48:19+00:00\",\"dateModified\":\"2015-02-19T09:48:19+00:00\",\"breadcrumb\":{\"@id\":\"https:\/\/abigailsolis.com\/en\/contact-us\/#breadcrumb\"},\"inLanguage\":\"en-US\",\"potentialAction\":[{\"@type\":\"ReadAction\",\"target\":[\"https:\/\/abigailsolis.com\/en\/contact-us\/\"]}]},{\"@type\":\"BreadcrumbList\",\"@id\":\"https:\/\/abigailsolis.com\/en\/contact-us\/#breadcrumb\",\"itemListElement\":[{\"@type\":\"ListItem\",\"position\":1,\"name\":\"Home\",\"item\":\"https:\/\/abigailsolis.com\/en\/\"},{\"@type\":\"ListItem\",\"position\":2,\"name\":\"Contact Us\"}]},{\"@type\":\"WebSite\",\"@id\":\"https:\/\/abigailsolis.com\/en\/#website\",\"url\":\"https:\/\/abigailsolis.com\/en\/\",\"name\":\"Abigail Sol\u00eds\",\"description\":\"Invierte en el Caribe Mexicano con tranquilidad junto a Abigail Sol\u00eds. Arquitecta y asesora inmobiliaria especializada en el mercado de bienes ra\u00edces.\",\"publisher\":{\"@id\":\"https:\/\/abigailsolis.com\/en\/#organization\"},\"potentialAction\":[{\"@type\":\"SearchAction\",\"target\":{\"@type\":\"EntryPoint\",\"urlTemplate\":\"https:\/\/abigailsolis.com\/en\/?s={search_term_string}\"},\"query-input\":{\"@type\":\"PropertyValueSpecification\",\"valueRequired\":true,\"valueName\":\"search_term_string\"}}],\"inLanguage\":\"en-US\"},{\"@type\":\"Organization\",\"@id\":\"https:\/\/abigailsolis.com\/en\/#organization\",\"name\":\"Abigail Sol\u00eds\",\"url\":\"https:\/\/abigailsolis.com\/en\/\",\"logo\":{\"@type\":\"ImageObject\",\"inLanguage\":\"en-US\",\"@id\":\"https:\/\/abigailsolis.com\/en\/#\/schema\/logo\/image\/\",\"url\":\"https:\/\/abigailsolis.com\/en\/wp-content\/uploads\/2023\/02\/abigail-solis.svg\",\"contentUrl\":\"https:\/\/abigailsolis.com\/en\/wp-content\/uploads\/2023\/02\/abigail-solis.svg\",\"width\":1768,\"height\":289,\"caption\":\"Abigail Sol\u00eds\"},\"image\":{\"@id\":\"https:\/\/abigailsolis.com\/en\/#\/schema\/logo\/image\/\"}}]}<\/script>\n<!-- \/ Yoast SEO plugin. -->","yoast_head_json":{"title":"Contact Us - Abigail Sol\u00eds","robots":{"index":"index","follow":"follow","max-snippet":"max-snippet:-1","max-image-preview":"max-image-preview:large","max-video-preview":"max-video-preview:-1"},"canonical":"https:\/\/abigailsolis.com\/en\/contact-us\/","og_locale":"en_US","og_type":"article","og_title":"Contact Us - Abigail Sol\u00eds","og_description":"Whether you&#8217;re looking for property for sale in New York area or property for rent, WP Residence makes searching easy. Use our unique geolocation mapping feature to root-out your ideal villa, townhouse or apartment and contact the owners direct. We will help you find your dream house in just a few seconds. We offer our clients a wealth of knowledge regarding all aspects of ...","og_url":"https:\/\/abigailsolis.com\/en\/contact-us\/","og_site_name":"Abigail Sol\u00eds","twitter_card":"summary_large_image","twitter_misc":{"Est. reading time":"1 minute"},"schema":{"@context":"https:\/\/schema.org","@graph":[{"@type":"WebPage","@id":"https:\/\/abigailsolis.com\/en\/contact-us\/","url":"https:\/\/abigailsolis.com\/en\/contact-us\/","name":"Contact Us - Abigail Sol\u00eds","isPartOf":{"@id":"https:\/\/abigailsolis.com\/en\/#website"},"datePublished":"2015-02-19T09:48:19+00:00","dateModified":"2015-02-19T09:48:19+00:00","breadcrumb":{"@id":"https:\/\/abigailsolis.com\/en\/contact-us\/#breadcrumb"},"inLanguage":"en-US","potentialAction":[{"@type":"ReadAction","target":["https:\/\/abigailsolis.com\/en\/contact-us\/"]}]},{"@type":"BreadcrumbList","@id":"https:\/\/abigailsolis.com\/en\/contact-us\/#breadcrumb","itemListElement":[{"@type":"ListItem","position":1,"name":"Home","item":"https:\/\/abigailsolis.com\/en\/"},{"@type":"ListItem","position":2,"name":"Contact Us"}]},{"@type":"WebSite","@id":"https:\/\/abigailsolis.com\/en\/#website","url":"https:\/\/abigailsolis.com\/en\/","name":"Abigail Sol\u00eds","description":"Invierte en el Caribe Mexicano con tranquilidad junto a Abigail Sol\u00eds. Arquitecta y asesora inmobiliaria especializada en el mercado de bienes ra\u00edces.","publisher":{"@id":"https:\/\/abigailsolis.com\/en\/#organization"},"potentialAction":[{"@type":"SearchAction","target":{"@type":"EntryPoint","urlTemplate":"https:\/\/abigailsolis.com\/en\/?s={search_term_string}"},"query-input":{"@type":"PropertyValueSpecification","valueRequired":true,"valueName":"search_term_string"}}],"inLanguage":"en-US"},{"@type":"Organization","@id":"https:\/\/abigailsolis.com\/en\/#organization","name":"Abigail Sol\u00eds","url":"https:\/\/abigailsolis.com\/en\/","logo":{"@type":"ImageObject","inLanguage":"en-US","@id":"https:\/\/abigailsolis.com\/en\/#\/schema\/logo\/image\/","url":"https:\/\/abigailsolis.com\/en\/wp-content\/uploads\/2023\/02\/abigail-solis.svg","contentUrl":"https:\/\/abigailsolis.com\/en\/wp-content\/uploads\/2023\/02\/abigail-solis.svg","width":1768,"height":289,"caption":"Abigail Sol\u00eds"},"image":{"@id":"https:\/\/abigailsolis.com\/en\/#\/schema\/logo\/image\/"}}]}},"_links":{"self":[{"href":"https:\/\/abigailsolis.com\/en\/wp-json\/wp\/v2\/pages\/21133","targetHints":{"allow":["GET"]}}],"collection":[{"href":"https:\/\/abigailsolis.com\/en\/wp-json\/wp\/v2\/pages"}],"about":[{"href":"https:\/\/abigailsolis.com\/en\/wp-json\/wp\/v2\/types\/page"}],"author":[{"embeddable":true,"href":"https:\/\/abigailsolis.com\/en\/wp-json\/wp\/v2\/users\/1"}],"replies":[{"embeddable":true,"href":"https:\/\/abigailsolis.com\/en\/wp-json\/wp\/v2\/comments?post=21133"}],"version-history":[{"count":0,"href":"https:\/\/abigailsolis.com\/en\/wp-json\/wp\/v2\/pages\/21133\/revisions"}],"wp:attachment":[{"href":"https:\/\/abigailsolis.com\/en\/wp-json\/wp\/v2\/media?parent=21133"}],"curies":[{"name":"wp","href":"https:\/\/api.w.org\/{rel}","templated":true}]}}